{"id":37,"date":"2019-11-26T12:52:59","date_gmt":"2019-11-26T11:52:59","guid":{"rendered":"https:\/\/escuelaslagunadeduero.es\/pintopinto\/testw2019\/?page_id=37"},"modified":"2021-02-19T18:20:45","modified_gmt":"2021-02-19T17:20:45","slug":"contacto","status":"publish","type":"page","link":"https:\/\/escuelaslagunadeduero.es\/pintopinto\/contacto\/","title":{"rendered":"Contacto"},"content":{"rendered":"\n<section  class=\"seccion\">\n<div class=\"contenedor\">\n<div class=\"fila columnas-altura\">\n\t\n<div class=\"col ancho-66\">\n<div class=\"columna\">\n<div class=\"encabezado \">\n<div class=\"encabezado-titulo\"><h3><span style=\"color: #d7377d;\">Formulario<\/span> de contacto<\/h3><\/div><\/div><div class=\"sh-output-html\">\r\n\t\n<div class=\"wpcf7 no-js\" id=\"wpcf7-f547-o1\" lang=\"es-ES\" dir=\"ltr\" data-wpcf7-id=\"547\">\n<div class=\"screen-reader-response\"><p role=\"status\" aria-live=\"polite\" aria-atomic=\"true\"><\/p> <ul><\/ul><\/div>\n<form action=\"\/pintopinto\/wp-json\/wp\/v2\/pages\/37#wpcf7-f547-o1\" method=\"post\" class=\"wpcf7-form init\" aria-label=\"Formulario de contacto\" novalidate=\"novalidate\" data-status=\"init\">\n<fieldset class=\"hidden-fields-container\"><input type=\"hidden\" name=\"_wpcf7\" value=\"547\" \/><input type=\"hidden\" name=\"_wpcf7_version\" value=\"6.1.5\" \/><input type=\"hidden\" name=\"_wpcf7_locale\" value=\"es_ES\" \/><input type=\"hidden\" name=\"_wpcf7_unit_tag\" value=\"wpcf7-f547-o1\" \/><input type=\"hidden\" name=\"_wpcf7_container_post\" value=\"0\" \/><input type=\"hidden\" name=\"_wpcf7_posted_data_hash\" value=\"\" \/><input type=\"hidden\" name=\"_wpcf7_recaptcha_response\" value=\"\" \/>\n<\/fieldset>\n<div class=\"formulario-contacto\">\n\t<p><label>Nombre: <span style=\"color: red\">*<\/span><\/label><span class=\"wpcf7-form-control-wrap\" data-name=\"nombre\"><input size=\"40\" maxlength=\"400\" class=\"wpcf7-form-control wpcf7-text wpcf7-validates-as-required\" aria-required=\"true\" aria-invalid=\"false\" value=\"\" type=\"text\" name=\"nombre\" \/><\/span>\n\t<\/p>\n\t<div class=\"fila\">\n\t\t<div class=\"col ancho-50\">\n\t\t\t<p><label>Tel\u00e9fono de contacto: <span style=\"color: red\">*<\/span><\/label><span class=\"wpcf7-form-control-wrap\" data-name=\"telefono\"><input size=\"40\" maxlength=\"400\" class=\"wpcf7-form-control wpcf7-tel wpcf7-validates-as-required wpcf7-text wpcf7-validates-as-tel\" aria-required=\"true\" aria-invalid=\"false\" value=\"\" type=\"tel\" name=\"telefono\" \/><\/span>\n\t\t\t<\/p>\n\t\t<\/div>\n\t\t<div class=\"col ancho-50 npd-izda\">\n\t\t\t<p><label>E-mail: <span style=\"color: red\">*<\/span><\/label><span class=\"wpcf7-form-control-wrap\" data-name=\"tu-email\"><input size=\"40\" maxlength=\"400\" class=\"wpcf7-form-control wpcf7-email wpcf7-validates-as-required wpcf7-text wpcf7-validates-as-email\" aria-required=\"true\" aria-invalid=\"false\" value=\"\" type=\"email\" name=\"tu-email\" \/><\/span>\n\t\t\t<\/p>\n\t\t<\/div>\n\t<\/div>\n\t<p><label>Mensaje:<\/label><br \/>\n<span class=\"wpcf7-form-control-wrap\" data-name=\"tu-mensaje\"><textarea cols=\"40\" rows=\"6\" maxlength=\"2000\" class=\"wpcf7-form-control wpcf7-textarea\" aria-invalid=\"false\" name=\"tu-mensaje\"><\/textarea><\/span><br \/>\n<label><span style=\"color: red\">*<\/span> Campos obligatorios<\/label><br \/>\n<span class=\"wpcf7-form-control-wrap\" data-name=\"acepto\"><span class=\"wpcf7-form-control wpcf7-acceptance\"><span class=\"wpcf7-list-item\"><label><input type=\"checkbox\" name=\"acepto\" value=\"1\" class=\"casilla-acepto\" aria-invalid=\"false\" \/><span class=\"wpcf7-list-item-label\">He le\u00eddo y acepto la <a href=\"https:\/\/escuelaslagunadeduero.es\/pintopinto\/politica-de-privacidad\/\" target=\"_blank\"> Politica de Privacidad<\/a> y la <a href=\"https:\/\/escuelaslagunadeduero.es\/pintopinto\/politica-de-cookies\/\" target=\"_blank\">Pol\u00edtica de Cookies<\/a><\/span><\/label><\/span><\/span><\/span><br \/>\n<input class=\"wpcf7-form-control wpcf7-submit has-spinner\" type=\"submit\" value=\"Enviar formulario\" \/>\n\t<\/p>\n<\/div><div class=\"wpcf7-response-output\" aria-hidden=\"true\"><\/div>\n<\/form>\n<\/div>\n<\/div>\r\n<\/div>\n<\/div>\n<div class=\"col ancho-33 columna-datos-contacto\">\n<div class=\"columna\">\n<div class=\"encabezado \">\n<div class=\"encabezado-titulo\"><h3>Datos <span style=\"color: #ff9c32;\">de contacto<\/span><\/h3><\/div><\/div><ul class=\"contacto\"><li class=\"tel tel-principal\">983 526 755<\/li><li class=\"email email-principal\"><a href=\"mailto:psanjose@eikoala.es\">psanjose@eikoala.es<\/a><\/li><li class=\"situacion\">C\/ Miguel Jadraque S\u00e1nchez Oca\u00f1a, 6<br \/>47140 LAGUNA DE DUERO | Valladolid<\/li><\/ul><\/div>\n<\/div><\/div>\n\n<\/div>\n<\/section>\n","protected":false},"excerpt":{"rendered":"<p>Formulario de contacto Nombre: * Tel\u00e9fono de contacto: * E-mail: * Mensaje: * Campos obligatorios He le\u00eddo y acepto la Politica de Privacidad y la Pol\u00edtica de Cookies Datos de &#8230; <a class=\"mas\" href=\"https:\/\/escuelaslagunadeduero.es\/pintopinto\/contacto\/\"><strong>M\u00c1S<\/strong><\/a><\/p>\n","protected":false},"author":1,"featured_media":1288,"parent":0,"menu_order":10,"comment_status":"closed","ping_status":"closed","template":"","meta":{"footnotes":""},"class_list":["post-37","page","type-page","status-publish","has-post-thumbnail","hentry"],"_links":{"self":[{"href":"https:\/\/escuelaslagunadeduero.es\/pintopinto\/wp-json\/wp\/v2\/pages\/37","targetHints":{"allow":["GET"]}}],"collection":[{"href":"https:\/\/escuelaslagunadeduero.es\/pintopinto\/wp-json\/wp\/v2\/pages"}],"about":[{"href":"https:\/\/escuelaslagunadeduero.es\/pintopinto\/wp-json\/wp\/v2\/types\/page"}],"author":[{"embeddable":true,"href":"https:\/\/escuelaslagunadeduero.es\/pintopinto\/wp-json\/wp\/v2\/users\/1"}],"replies":[{"embeddable":true,"href":"https:\/\/escuelaslagunadeduero.es\/pintopinto\/wp-json\/wp\/v2\/comments?post=37"}],"version-history":[{"count":17,"href":"https:\/\/escuelaslagunadeduero.es\/pintopinto\/wp-json\/wp\/v2\/pages\/37\/revisions"}],"predecessor-version":[{"id":1178,"href":"https:\/\/escuelaslagunadeduero.es\/pintopinto\/wp-json\/wp\/v2\/pages\/37\/revisions\/1178"}],"wp:featuredmedia":[{"embeddable":true,"href":"https:\/\/escuelaslagunadeduero.es\/pintopinto\/wp-json\/wp\/v2\/media\/1288"}],"wp:attachment":[{"href":"https:\/\/escuelaslagunadeduero.es\/pintopinto\/wp-json\/wp\/v2\/media?parent=37"}],"curies":[{"name":"wp","href":"https:\/\/api.w.org\/{rel}","templated":true}]}}