{"id":6,"date":"2019-11-26T12:45:17","date_gmt":"2019-11-26T11:45:17","guid":{"rendered":"https:\/\/escuelaslagunadeduero.es\/colorines\/testw2019\/?page_id=6"},"modified":"2026-02-20T18:08:49","modified_gmt":"2026-02-20T17:08:49","slug":"inicio","status":"publish","type":"page","link":"https:\/\/escuelaslagunadeduero.es\/colorines\/","title":{"rendered":"Inicio"},"content":{"rendered":"<p>\n<section  class=\"seccion portada\">\n<div class=\"contenedor-ancho\">\n<div class=\"fila columnas-altura\">\n\t\n<div class=\"col\">\n<div class=\"columna\"><div class=\"precarga\">\n<div class=\"slider slider-portada slider-69fe01dda6c8b\">\n<ul>\n<li class=\"slide\">\n<span style=\"background-image:url(https:\/\/escuelaslagunadeduero.es\/colorines\/wp-content\/uploads\/2021\/02\/Colorines-fachada-A.jpg);\" class=\"slider-fdimagen\"><\/span>\n<div class=\"contenedor\">\n<div class=\"fila\">\n<div class=\"col\">\n <h4>INSTALACIONES<\/h4><a href=\"https:\/\/escuelaslagunadeduero.es\/colorines\/escuela\/#tour-virtual\"><h2>Tour Virtual<\/h2><\/a>\n <h3>Conoce la escuela<\/h3><a class=\"boton\" href=\"colorines\/escuela\/\" target=\"_self\">Ver Tour virtual<\/a><\/div>\n<\/div>\n<\/div>\n<span  class=\"slider-fdcolor\"><\/span>\n<\/li>\n<li class=\"slide\">\n<span style=\"background-image:url(https:\/\/escuelaslagunadeduero.es\/colorines\/wp-content\/uploads\/2021\/02\/eim-colorines-slider-inicio-1.jpg);\" class=\"slider-fdimagen\"><\/span>\n<div class=\"contenedor\">\n<div class=\"fila\">\n<div class=\"col\">\n <h4>INSTALACIONES<\/h4><a href=\"escuela\"><h2>Escuela Infantil Municipal<\/h2><\/a>\n <h3>Mobiliario y material adaptado y seguro<\/h3><a class=\"boton\" href=\"escuela\" target=\"_self\">M\u00e1s informaci\u00f3n<\/a><\/div>\n<\/div>\n<\/div>\n<span  class=\"slider-fdcolor\"><\/span>\n<\/li>\n<li class=\"slide\">\n<span style=\"background-image:url(https:\/\/escuelaslagunadeduero.es\/colorines\/wp-content\/uploads\/2021\/02\/eim-colorines-slider-inicio-2.jpg);\" class=\"slider-fdimagen\"><\/span>\n<div class=\"contenedor\">\n<div class=\"fila\">\n<div class=\"col\">\n<a href=\"comedor\"><h2>Servicio de comedor<\/h2><\/a>\n <h3>Cocina propia | Men\u00fas personalizados<\/h3><a class=\"boton\" href=\"comedor\" target=\"_self\">M\u00e1s informaci\u00f3n<\/a><\/div>\n<\/div>\n<\/div>\n<span  class=\"slider-fdcolor\"><\/span>\n<\/li>\n<\/ul>\n<\/div>\n<\/div>\n\n\n\n<div class=\"destacado-portada\">\n<div class=\"contenedor\">\n<div class=\"fila\">\n<div style=\"background-color:#d7377d;\" class=\"col ancho-50 izda\">\n<p>Primer Ciclo infantil<\/p><h3>0-3 a\u00f1os<\/h3>\n<\/div>\n<div style=\"background-color:#1ea09c;\" class=\"col ancho-50 dcha\">\n<p>Capacidad<\/p><h3>102 ni\u00f1os y ni\u00f1as<\/h3>\n<\/div>\n<\/div>\n<\/div>\n<\/div><\/div>\n<\/div><\/div>\n\n<\/div>\n<\/section>\n<section  class=\"seccion\">\n<div class=\"contenedor\">\n<div class=\"fila columnas-altura\">\n\t\n<div class=\"col\">\n<div class=\"columna\">\n<div class=\"encabezado  encabezado-centrado\">\n<div class=\"encabezado-titulo\"><h2>Noticias<\/h2><\/div><\/div>\n\t<div class=\"separador-espacio\" style=\"padding-top: 40px;\"><\/div>\n<article class=\"listado noticia\">\n<div class=\"listado-fila\">\n<div class=\"listado-detalle\">\n<div class=\"imagen-enlace redondear-6\">\n<a href=\"https:\/\/escuelaslagunadeduero.es\/colorines\/programacion-mayo-2026\/\"><img loading=\"lazy\" decoding=\"async\" width=\"800\" height=\"520\" src=\"https:\/\/escuelaslagunadeduero.es\/colorines\/wp-content\/uploads\/2026\/05\/EEII-LAGUNA_MAYO-2026-800x520.jpg\" class=\"attachment-destacada-h size-destacada-h wp-post-image\" alt=\"\" \/><\/a>\n<\/div>\n<\/div>\n<div class=\"listado-resumen\">\n<header>\n<div class=\"categorias\"><ul class=\"post-categories\">\n\t<li><a href=\"https:\/\/escuelaslagunadeduero.es\/colorines\/category\/acciones-y-talleres-para-las-familias\/\" rel=\"category tag\">Acciones y Talleres para las Familias<\/a><\/li><\/ul><\/div>\n<h3><a href=\"https:\/\/escuelaslagunadeduero.es\/colorines\/programacion-mayo-2026\/\">Programaci\u00f3n Mayo 2026<\/a><\/h3>\n<time datetime=\"2026-May-6\">6 mayo, 2026<\/time>\n<\/header>\n<p>Las Escuelas Infantiles Municipales de Laguna de Duero publican el calendario de mayo con un nuevo ciclo de Acciones y Talleres Gratuitos para familias del Municipio de Laguna de Duero &#8230; <a class=\"mas\" href=\"https:\/\/escuelaslagunadeduero.es\/colorines\/programacion-mayo-2026\/\"><strong>M\u00c1S<\/strong><\/a><\/p>\n<\/div>\n<\/div>\n<\/article>\n<\/div>\n<\/div><\/div>\n\n<\/div>\n<\/section>\n<section  class=\"seccion\" style=\"background-color:#f5f6f7;\">\n<div class=\"contenedor\">\n<div class=\"fila columnas-altura\">\n\t\n<div class=\"col\">\n<div class=\"columna\">\n<div class=\"encabezado  encabezado-centrado\">\n<div class=\"encabezado-titulo\"><h2>Talleres<span style=\"color: #ff9c32;\"> gratuitos<\/span><\/h2><\/div><\/div><div class=\"contenedor-masonry\">\n<div class=\"grid\">\n<div class=\"grid-sizer\"><\/div>\n<div class=\"em em-view-container\" id=\"em-view-2134068055\" data-view=\"list\">\r\n\t<div class=\"em pixelbones em-list em-events-list\" id=\"em-events-list-2134068055\" data-view-id=\"2134068055\">\r\n\t\n<div class=\"grid-item\">\n<article class=\"evento-lista\">\n<div class=\"evento-lista-etiquetas\"><a href=\"https:\/\/escuelaslagunadeduero.es\/colorines\/actividad\/tipo\/taller-presencial\/\">Taller presencial<\/a><\/div>\n<div class=\"evento-lista-fecha\">25\/05\/2026<\/div>\n<a href=\"https:\/\/escuelaslagunadeduero.es\/colorines\/actividad\/el-mundo-emocional-de-los-ninos\/\"><h2 class=\"evento-lista-titulo\">El mundo emocional de los ni\u00f1os<\/h2><\/a>\n\n<div class=\"evento-imagen imagen-enlace\">\n<a href=\"https:\/\/escuelaslagunadeduero.es\/colorines\/actividad\/el-mundo-emocional-de-los-ninos\/\"><img decoding=\"async\" src=\"https:\/\/escuelaslagunadeduero.es\/colorines\/wp-content\/uploads\/2026\/05\/Emociones-colorines-_mayo26-1.jpg\"><\/a>\n<\/div>\n\n<\/article>\n<\/div>\n\n<div class=\"grid-item\">\n<article class=\"evento-lista\">\n<div class=\"evento-lista-etiquetas\"><a href=\"https:\/\/escuelaslagunadeduero.es\/colorines\/actividad\/tipo\/taller-presencial\/\">Taller presencial<\/a><\/div>\n<div class=\"evento-lista-fecha\">14\/05\/2026<\/div>\n<a href=\"https:\/\/escuelaslagunadeduero.es\/colorines\/actividad\/2a-sesion-primeros-auxilios\/\"><h2 class=\"evento-lista-titulo\">2\u00aa Sesi\u00f3n Primeros Auxilios<\/h2><\/a>\n\n<div class=\"evento-imagen imagen-enlace\">\n<a href=\"https:\/\/escuelaslagunadeduero.es\/colorines\/actividad\/2a-sesion-primeros-auxilios\/\"><img decoding=\"async\" src=\"https:\/\/escuelaslagunadeduero.es\/colorines\/wp-content\/uploads\/2026\/05\/PPAA-COLORINES-MAYO-26.jpg\"><\/a>\n<\/div>\n\n<\/article>\n<\/div>\n\n<div class=\"grid-item\">\n<article class=\"evento-lista\">\n<div class=\"evento-lista-etiquetas\"><a href=\"https:\/\/escuelaslagunadeduero.es\/colorines\/actividad\/tipo\/taller-presencial\/\">Taller presencial<\/a><\/div>\n<div class=\"evento-lista-fecha\">28\/04\/2026<\/div>\n<a href=\"https:\/\/escuelaslagunadeduero.es\/colorines\/actividad\/la-terapia-de-la-sal\/\"><h2 class=\"evento-lista-titulo\">La Terapia de la Sal<\/h2><\/a>\n\n<div class=\"evento-imagen imagen-enlace\">\n<a href=\"https:\/\/escuelaslagunadeduero.es\/colorines\/actividad\/la-terapia-de-la-sal\/\"><img decoding=\"async\" src=\"https:\/\/escuelaslagunadeduero.es\/colorines\/wp-content\/uploads\/2026\/04\/COLORINES_HALOTERAPIA-ABRIL26.jpg\"><\/a>\n<\/div>\n\n<\/article>\n<\/div>\n\t<\/div>\r\n<\/div><\/div>\n<\/div><div class=\"contenedor-boton\">\n<a href=\"https:\/\/escuelaslagunadeduero.es\/colorines\/familias\/#talleres-escuela\" target=\"_self\" class=\"boton boton-amarillo boton-ctr\">\n\t<span>Ver m\u00e1s<\/span>\n<\/a>\n<\/div><\/div>\n<\/div><\/div>\n\n<\/div>\n<\/section>\n<section  class=\"seccion\">\n<div class=\"contenedor\">\n<div class=\"fila columnas-altura\">\n\t\n<div class=\"col ancho-50 text-ctr\">\n<div class=\"columna\"><img loading=\"lazy\" decoding=\"async\" src=\"https:\/\/escuelaslagunadeduero.es\/colorines\/wp-content\/uploads\/2021\/02\/eim-proyecto-educativo-540x540.jpg\" alt=\"https:\/\/escuelaslagunadeduero.es\/colorines\/wp-content\/uploads\/2021\/02\/eim-proyecto-educativo-540x540.jpg\" width=\"540\" height=\"540\" \/><\/div>\n<\/div>\n<div class=\"col ancho-50 espacio-sup-80\">\n<div class=\"columna\">\n<div class=\"encabezado \">\n<div class=\"encabezado-titulo\"><h2><span style=\"color: #c80082;\">Proyecto<\/span> <span style=\"color: #ff9c32;\">educativo<\/span><\/h2><\/div><\/div><p>Nuestra propuesta pedag\u00f3gica est\u00e1 llena de retos que tienen que ver con el desarrollo sensorial, mot\u00f3rico, social, del lenguaje, de gesti\u00f3n de los propios sentimientos, de la l\u00f3gica-matem\u00e1tica, de las experiencias en gran grupo, de las individuales y con el medio, de la creatividad a trav\u00e9s del arte\u2026 sin dejar de lado nuestro compromiso con la implicaci\u00f3n de las familias en la vida de la escuela.<\/p><p>Es un proyecto comprometido con la sociedad, que defiende la igualdad entre sexos, razas y culturas, al igual que respetuoso con el medio ambiente.<\/p><div class=\"contenedor-boton\">\n<a href=\"proyecto-educativo\" target=\"_self\" class=\"boton  \">\n\t<span>M\u00e1s informaci\u00f3n<\/span>\n<\/a>\n<\/div><\/div>\n<\/div><\/div>\n\n<\/div>\n<\/section>\n<section  class=\"seccion\" style=\"background-image:url(https:\/\/escuelaslagunadeduero.es\/colorines\/wp-content\/uploads\/2019\/12\/fd-inicio-instalaciones.jpg);\">\n<div class=\"contenedor\">\n<div class=\"fila columnas-altura\">\n\t\n<div class=\"col ancho-50 espacio-sup-40\">\n<div class=\"columna\">\n<div class=\"encabezado \">\n<div class=\"encabezado-titulo\"><h2>Instalaciones<\/h2><\/div><div class=\"encabezado-subtitulo\">Mobiliario y material adaptado y seguro<\/div>\n<\/div><h4>UNIDAD 1 Y 2<\/h4><ul class=\"lista\">\n<li>2 AULAS PARA ALUMNADO DE 0 A 1 A\u00d1OS CON 8 PLAZAS CADA UNA<\/li>\n<\/ul>\n\n\t<div class=\"separador-espacio\" style=\"padding-top: 20px;\"><\/div>\n<h4>UNIDAD 3, 4 Y 5<\/h4><ul class=\"lista\">\n<li>3 AULAS PARA ALUMNADO DE 1 A 2 A\u00d1OS CON 13 PLAZAS CADA UNA<\/li>\n<\/ul>\n\n\t<div class=\"separador-espacio\" style=\"padding-top: 20px;\"><\/div>\n<h4>UNIDAD 6 Y 7<\/h4><ul class=\"lista\">\n<li>2 AULAS PARA ALUMNADO DE 2 A 3 A\u00d1OS CON 20 PLAZAS CADA UNA<\/li>\n<\/ul>\n<div class=\"contenedor-boton  boton-fila\">\n<a href=\"escuela\" target=\"_self\" class=\"boton boton-magenta \">\n\t<span>Ver galer\u00eda<\/span>\n<\/a>\n<\/div><\/div>\n<\/div>\n<div class=\"col ancho-50 text-ctr\">\n<div class=\"columna\"><img loading=\"lazy\" decoding=\"async\" src=\"https:\/\/escuelaslagunadeduero.es\/colorines\/wp-content\/uploads\/2021\/02\/eim-instalaciones-540x540.png\" alt=\"https:\/\/escuelaslagunadeduero.es\/colorines\/wp-content\/uploads\/2021\/02\/eim-instalaciones-540x540.png\" width=\"540\" height=\"540\" \/><\/div>\n<\/div><\/div>\n\n<\/div>\n<\/section>\n<section  class=\"seccion negativo inicio-comedor\" style=\"background-color:#ff9c32;background-image:url(https:\/\/escuelaslagunadeduero.es\/colorines\/wp-content\/uploads\/2019\/12\/fd-inicio-comedor.jpg);\">\n<div class=\"contenedor\">\n<div class=\"fila columnas-altura\">\n\t\n<div class=\"col ancho-50 text-ctr\">\n<div class=\"columna\"><img loading=\"lazy\" decoding=\"async\" src=\"https:\/\/escuelaslagunadeduero.es\/colorines\/wp-content\/uploads\/2020\/02\/eim-servicio-comedor-600x600.png\" alt=\"Comedor\" width=\"600\" height=\"600\" \/><\/div>\n<\/div>\n<div class=\"col ancho-50 espacio-sup-120\">\n<div class=\"columna\">\n<div class=\"encabezado \">\n<div class=\"encabezado-titulo\"><h2>Servicio de comedor<\/h2><\/div><div class=\"encabezado-subtitulo\">Cocina propia | Men\u00fas personalizados<\/div>\n<\/div><p>La Escuela Infantil Municipal Colorines dispone de cocina propia, donde se elaboran diariamente los men\u00fas personalizados, ofreciendo una alimentaci\u00f3n equilibrada y saludable para nuestros alumnos.<\/p><div class=\"contenedor-boton\">\n<a href=\"comedor\" target=\"_self\" class=\"boton  \">\n\t<span>M\u00e1s informaci\u00f3n<\/span>\n<\/a>\n<\/div><\/div>\n<\/div><\/div>\n\n<\/div>\n<\/section>\n<section  class=\"seccion\">\n<div class=\"contenedor\">\n<div class=\"fila columnas-altura\">\n\t\n<div class=\"col\">\n<div class=\"columna\">\n<div class=\"encabezado  encabezado-centrado\">\n<div class=\"encabezado-titulo\"><h2>Nuestro equipo<\/h2><\/div><\/div>\n\t<div class=\"separador-espacio\" style=\"padding-top: 40px;\"><\/div>\n<\/div>\n<\/div><\/div>\n\n<div class=\"fila columnas-altura\">\n\t\n<div class=\"col ancho-25\">\n<div class=\"columna\"><div class=\"equipo\">\n\t<div class=\"equipo-imagen\"><img decoding=\"async\" src=\"\/\/escuelaslagunadeduero.es\/colorines\/wp-content\/uploads\/2023\/03\/Colorines-aula-1-B-900.jpg\" alt=\"Irene Ruperez\"\/><\/div>\n\t<div class=\"equipo-contenedor\">\n\t\t<div class=\"equipo-nombre\">\n\t\t\t<h3>Irene Ruperez<\/h3>\n\t\t\t<span>Directora<\/span>\n\t\t<\/div>\n\t\t<div class=\"equipo-texto\">\n\t\t\t<p><\/p>\n\t\t<\/div>\n\t<\/div>\n<\/div><\/div>\n<\/div>\n<div class=\"col ancho-25\">\n<div class=\"columna\"><div class=\"equipo\">\n\t<div class=\"equipo-imagen\"><img decoding=\"async\" src=\"\/\/escuelaslagunadeduero.es\/colorines\/wp-content\/uploads\/2023\/03\/Colorines-Maria-Eugenia-Mata-2023.jpg\" alt=\"Mar\u00eda Eugenia Mata\"\/><\/div>\n\t<div class=\"equipo-contenedor\">\n\t\t<div class=\"equipo-nombre\">\n\t\t\t<h3>Mar\u00eda Eugenia Mata<\/h3>\n\t\t\t<span>Educadora<\/span>\n\t\t<\/div>\n\t\t<div class=\"equipo-texto\">\n\t\t\t<p><\/p>\n\t\t<\/div>\n\t<\/div>\n<\/div><\/div>\n<\/div>\n<div class=\"col ancho-25\">\n<div class=\"columna\"><div class=\"equipo\">\n\t<div class=\"equipo-imagen\"><img decoding=\"async\" src=\"\/\/escuelaslagunadeduero.es\/colorines\/wp-content\/uploads\/2023\/03\/Colorines-entrada-900.jpg\" alt=\"Raquel Gonz\u00e1lez\"\/><\/div>\n\t<div class=\"equipo-contenedor\">\n\t\t<div class=\"equipo-nombre\">\n\t\t\t<h3 style=\"color:#ff9c32;\">Raquel Gonz\u00e1lez<\/h3>\n\t\t\t<span>Educadora<\/span>\n\t\t<\/div>\n\t\t<div class=\"equipo-texto\">\n\t\t\t<p><\/p>\n\t\t<\/div>\n\t<\/div>\n<\/div><\/div>\n<\/div>\n<div class=\"col ancho-25\">\n<div class=\"columna\"><div class=\"equipo\">\n\t<div class=\"equipo-imagen\"><img decoding=\"async\" src=\"\/\/escuelaslagunadeduero.es\/colorines\/wp-content\/uploads\/2023\/03\/Colorines-Irene-Crespo-2023.jpg\" alt=\"Irene Crespo\"\/><\/div>\n\t<div class=\"equipo-contenedor\">\n\t\t<div class=\"equipo-nombre\">\n\t\t\t<h3 style=\"color:#d7377d;\">Irene Crespo<\/h3>\n\t\t\t<span>Educadora<\/span>\n\t\t<\/div>\n\t\t<div class=\"equipo-texto\">\n\t\t\t<p><\/p>\n\t\t<\/div>\n\t<\/div>\n<\/div><\/div>\n<\/div><\/div>\n\n<div class=\"fila columnas-altura\">\n\t\n<div class=\"col ancho-25\">\n<div class=\"columna\"><div class=\"equipo\">\n\t<div class=\"equipo-imagen\"><img decoding=\"async\" src=\"\/\/escuelaslagunadeduero.es\/colorines\/wp-content\/uploads\/2025\/02\/Colorines-Alexandra-Gonzalez-2025-.jpg\" alt=\"Alexandra Fonseca\"\/><\/div>\n\t<div class=\"equipo-contenedor\">\n\t\t<div class=\"equipo-nombre\">\n\t\t\t<h3>Alexandra Fonseca<\/h3>\n\t\t\t<span>Educadora<\/span>\n\t\t<\/div>\n\t\t<div class=\"equipo-texto\">\n\t\t\t<p><\/p>\n\t\t<\/div>\n\t<\/div>\n<\/div><\/div>\n<\/div>\n<div class=\"col ancho-25\">\n<div class=\"columna\"><div class=\"equipo\">\n\t<div class=\"equipo-imagen\"><img decoding=\"async\" src=\"\/\/escuelaslagunadeduero.es\/colorines\/wp-content\/uploads\/2023\/03\/Colorines-Natalia-Sobradillo-2023.jpg\" alt=\"Natalia Sobradillo\"\/><\/div>\n\t<div class=\"equipo-contenedor\">\n\t\t<div class=\"equipo-nombre\">\n\t\t\t<h3 style=\"color:#ff9c32;\">Natalia Sobradillo<\/h3>\n\t\t\t<span>Educadora<\/span>\n\t\t<\/div>\n\t\t<div class=\"equipo-texto\">\n\t\t\t<p><\/p>\n\t\t<\/div>\n\t<\/div>\n<\/div><\/div>\n<\/div>\n<div class=\"col ancho-25\">\n<div class=\"columna\"><div class=\"equipo\">\n\t<div class=\"equipo-imagen\"><img decoding=\"async\" src=\"\/\/escuelaslagunadeduero.es\/colorines\/wp-content\/uploads\/2023\/03\/Colorines-Gemma-2023.jpg\" alt=\"Gema Contreras\"\/><\/div>\n\t<div class=\"equipo-contenedor\">\n\t\t<div class=\"equipo-nombre\">\n\t\t\t<h3 style=\"color:#d7377d;\">Gema Contreras<\/h3>\n\t\t\t<span>Educadora<\/span>\n\t\t<\/div>\n\t\t<div class=\"equipo-texto\">\n\t\t\t<p><\/p>\n\t\t<\/div>\n\t<\/div>\n<\/div><\/div>\n<\/div>\n<div class=\"col ancho-25\">\n<div class=\"columna\"><div class=\"equipo\">\n\t<div class=\"equipo-imagen\"><img decoding=\"async\" src=\"\/\/escuelaslagunadeduero.es\/colorines\/wp-content\/uploads\/2023\/03\/Colorines-Raquel-2023.jpg\" alt=\"Raquel Huerta\"\/><\/div>\n\t<div class=\"equipo-contenedor\">\n\t\t<div class=\"equipo-nombre\">\n\t\t\t<h3>Raquel Huerta<\/h3>\n\t\t\t<span>Educadora<\/span>\n\t\t<\/div>\n\t\t<div class=\"equipo-texto\">\n\t\t\t<p><\/p>\n\t\t<\/div>\n\t<\/div>\n<\/div><\/div>\n<\/div><\/div>\n\n<div class=\"fila columnas-altura\">\n\t\n<div class=\"col ancho-25\">\n<div class=\"columna\"><div class=\"equipo\">\n\t<div class=\"equipo-imagen\"><img decoding=\"async\" src=\"\/\/escuelaslagunadeduero.es\/colorines\/wp-content\/uploads\/2023\/12\/Colorines-Marta-Sanchez-e1702375937581.jpg\" alt=\"Marta S\u00e1nchez\"\/><\/div>\n\t<div class=\"equipo-contenedor\">\n\t\t<div class=\"equipo-nombre\">\n\t\t\t<h3 style=\"color:#ff9c32;\">Marta S\u00e1nchez<\/h3>\n\t\t\t<span>Educadora<\/span>\n\t\t<\/div>\n\t\t<div class=\"equipo-texto\">\n\t\t\t<p><\/p>\n\t\t<\/div>\n\t<\/div>\n<\/div><\/div>\n<\/div>\n<div class=\"col ancho-25\">\n<div class=\"columna\"><div class=\"equipo\">\n\t<div class=\"equipo-imagen\"><img decoding=\"async\" src=\"\/\/escuelaslagunadeduero.es\/colorines\/wp-content\/uploads\/2025\/02\/Colorines-Angela-Matey-2025.jpg\" alt=\"\u00c1ngela Matey\"\/><\/div>\n\t<div class=\"equipo-contenedor\">\n\t\t<div class=\"equipo-nombre\">\n\t\t\t<h3>\u00c1ngela Matey<\/h3>\n\t\t\t<span>Educadora<\/span>\n\t\t<\/div>\n\t\t<div class=\"equipo-texto\">\n\t\t\t<p><\/p>\n\t\t<\/div>\n\t<\/div>\n<\/div><\/div>\n<\/div>\n<div class=\"col ancho-25\">\n<div class=\"columna\"><div class=\"equipo\">\n\t<div class=\"equipo-imagen\"><img decoding=\"async\" src=\"\/\/escuelaslagunadeduero.es\/colorines\/wp-content\/uploads\/2025\/02\/Colorines-Rebeca-Brime-2025.jpg\" alt=\"Rebeca Brime\"\/><\/div>\n\t<div class=\"equipo-contenedor\">\n\t\t<div class=\"equipo-nombre\">\n\t\t\t<h3 style=\"color:#ff9c32;\">Rebeca Brime<\/h3>\n\t\t\t<span>Educadora<\/span>\n\t\t<\/div>\n\t\t<div class=\"equipo-texto\">\n\t\t\t<p><\/p>\n\t\t<\/div>\n\t<\/div>\n<\/div><\/div>\n<\/div>\n<div class=\"col ancho-25\">\n<div class=\"columna\"><div class=\"equipo\">\n\t<div class=\"equipo-imagen\"><img decoding=\"async\" src=\"\/\/escuelaslagunadeduero.es\/colorines\/wp-content\/uploads\/2023\/03\/Colorines-Ana-Valverde-2023.jpg\" alt=\"Ana Mar\u00eda Valverde\"\/><\/div>\n\t<div class=\"equipo-contenedor\">\n\t\t<div class=\"equipo-nombre\">\n\t\t\t<h3>Ana Mar\u00eda Valverde<\/h3>\n\t\t\t<span>Servicios auxiliares<\/span>\n\t\t<\/div>\n\t\t<div class=\"equipo-texto\">\n\t\t\t<p><\/p>\n\t\t<\/div>\n\t<\/div>\n<\/div><\/div>\n<\/div><\/div>\n\n<div class=\"fila columnas-altura\">\n\t\n<div class=\"col ancho-25\">\n<div class=\"columna\"><div class=\"equipo\">\n\t<div class=\"equipo-imagen\"><img decoding=\"async\" src=\"\/\/escuelaslagunadeduero.es\/colorines\/wp-content\/uploads\/2023\/03\/Colorines-Maria-del-Pilar-Marcos-2023.jpg\" alt=\"Mar\u00eda del Pilar Marcos\"\/><\/div>\n\t<div class=\"equipo-contenedor\">\n\t\t<div class=\"equipo-nombre\">\n\t\t\t<h3 style=\"color:#ff9c32;\">Mar\u00eda del Pilar Marcos<\/h3>\n\t\t\t<span>Servicios auxiliares<\/span>\n\t\t<\/div>\n\t\t<div class=\"equipo-texto\">\n\t\t\t<p><\/p>\n\t\t<\/div>\n\t<\/div>\n<\/div><\/div>\n<\/div>\n<div class=\"col ancho-25\">\n<div class=\"columna\"><div class=\"equipo\">\n\t<div class=\"equipo-imagen\"><img decoding=\"async\" src=\"\/\/escuelaslagunadeduero.es\/colorines\/wp-content\/uploads\/2025\/02\/Colorines-Silvia-Rodriguez-2025-1.jpg\" alt=\"M\u00aa Silvia Rodr\u00edguez\"\/><\/div>\n\t<div class=\"equipo-contenedor\">\n\t\t<div class=\"equipo-nombre\">\n\t\t\t<h3 style=\"color:#d7377d;\">M\u00aa Silvia Rodr\u00edguez<\/h3>\n\t\t\t<span>Servicios auxiliares<\/span>\n\t\t<\/div>\n\t\t<div class=\"equipo-texto\">\n\t\t\t<p><\/p>\n\t\t<\/div>\n\t<\/div>\n<\/div><\/div>\n<\/div>\n<div class=\"col ancho-25\">\n<div class=\"columna\"><\/div>\n<\/div>\n<div class=\"col ancho-25\">\n<div class=\"columna\"><\/div>\n<\/div><\/div>\n\n<div class=\"fila columnas-altura\">\n\t\n<div class=\"col ancho-25\">\n<div class=\"columna\"><\/div>\n<\/div>\n<div class=\"col ancho-25\">\n<div class=\"columna\"><\/div>\n<\/div><\/div>\n\n<div class=\"fila columnas-altura\">\n\t\n<div class=\"col\">\n<div class=\"columna\"><div class=\"contenedor-boton\">\n<a href=\"equipo\" target=\"_self\" class=\"boton boton-magenta boton-ctr\">\n\t<span>M\u00e1s informaci\u00f3n<\/span>\n<\/a>\n<\/div><\/div>\n<\/div><\/div>\n\n<\/div>\n<\/section><\/p>\n","protected":false},"excerpt":{"rendered":"<p>Las Escuelas Infantiles Municipales de Laguna de Duero publican el calendario de mayo con un nuevo ciclo de Acciones y Talleres Gratuitos para familias del Municipio de Laguna de Duero &#8230; <a class=\"mas\" href=\"https:\/\/escuelaslagunadeduero.es\/colorines\/programacion-mayo-2026\/\"><strong>M\u00c1S<\/strong><\/a><\/p>\n","protected":false},"author":1,"featured_media":0,"parent":0,"menu_order":1,"comment_status":"closed","ping_status":"closed","template":"","meta":{"footnotes":""},"class_list":["post-6","page","type-page","status-publish","hentry"],"_links":{"self":[{"href":"https:\/\/escuelaslagunadeduero.es\/colorines\/wp-json\/wp\/v2\/pages\/6","targetHints":{"allow":["GET"]}}],"collection":[{"href":"https:\/\/escuelaslagunadeduero.es\/colorines\/wp-json\/wp\/v2\/pages"}],"about":[{"href":"https:\/\/escuelaslagunadeduero.es\/colorines\/wp-json\/wp\/v2\/types\/page"}],"author":[{"embeddable":true,"href":"https:\/\/escuelaslagunadeduero.es\/colorines\/wp-json\/wp\/v2\/users\/1"}],"replies":[{"embeddable":true,"href":"https:\/\/escuelaslagunadeduero.es\/colorines\/wp-json\/wp\/v2\/comments?post=6"}],"version-history":[{"count":130,"href":"https:\/\/escuelaslagunadeduero.es\/colorines\/wp-json\/wp\/v2\/pages\/6\/revisions"}],"predecessor-version":[{"id":2076,"href":"https:\/\/escuelaslagunadeduero.es\/colorines\/wp-json\/wp\/v2\/pages\/6\/revisions\/2076"}],"wp:attachment":[{"href":"https:\/\/escuelaslagunadeduero.es\/colorines\/wp-json\/wp\/v2\/media?parent=6"}],"curies":[{"name":"wp","href":"https:\/\/api.w.org\/{rel}","templated":true}]}}