{"id":47,"date":"2019-11-26T12:55:06","date_gmt":"2019-11-26T11:55:06","guid":{"rendered":"https:\/\/escuelaslagunadeduero.es\/colorines\/testw2019\/?page_id=47"},"modified":"2019-12-23T18:20:47","modified_gmt":"2019-12-23T17:20:47","slug":"prevencion-riesgos-laborales","status":"publish","type":"page","link":"https:\/\/escuelaslagunadeduero.es\/colorines\/prevencion-riesgos-laborales\/","title":{"rendered":"Prevenci\u00f3n de riesgos laborales"},"content":{"rendered":"\n<section  class=\"seccion\">\n<div class=\"contenedor\">\n<div class=\"fila columnas-altura\">\n\t\n<div class=\"col\">\n<div class=\"columna\"><p>La creaci\u00f3n de un entorno que garantice la salud y seguridad de los empleados es una m\u00e1xima en KOALA. Por eso contamos con un Plan de Prevenci\u00f3n donde se identifican, eval\u00faan, controlan y eliminan los posibles riesgos laborales actuando desde el origen.<\/p><p>Asimismo, este Plan busca la mejora continua en el desempe\u00f1o de la seguridad y salud en el trabajo, minimizando la siniestralidad e incrementando el grado de satisfacci\u00f3n de los empleados.<\/p><p>En KOALA cumplimos con la legislaci\u00f3n y reglamentaci\u00f3n vigente en materia de seguridad y salud.      <\/p><\/div>\n<\/div><\/div>\n\n<\/div>\n<\/section>\n","protected":false},"excerpt":{"rendered":"<p>La creaci\u00f3n de un entorno que garantice la salud y seguridad de los empleados es una m\u00e1xima en KOALA. Por eso contamos con un Plan de Prevenci\u00f3n donde se identifican, &#8230; <a class=\"mas\" href=\"https:\/\/escuelaslagunadeduero.es\/colorines\/prevencion-riesgos-laborales\/\"><strong>M\u00c1S<\/strong><\/a><\/p>\n","protected":false},"author":1,"featured_media":753,"parent":0,"menu_order":13,"comment_status":"closed","ping_status":"closed","template":"","meta":{"footnotes":""},"class_list":["post-47","page","type-page","status-publish","has-post-thumbnail","hentry"],"_links":{"self":[{"href":"https:\/\/escuelaslagunadeduero.es\/colorines\/wp-json\/wp\/v2\/pages\/47","targetHints":{"allow":["GET"]}}],"collection":[{"href":"https:\/\/escuelaslagunadeduero.es\/colorines\/wp-json\/wp\/v2\/pages"}],"about":[{"href":"https:\/\/escuelaslagunadeduero.es\/colorines\/wp-json\/wp\/v2\/types\/page"}],"author":[{"embeddable":true,"href":"https:\/\/escuelaslagunadeduero.es\/colorines\/wp-json\/wp\/v2\/users\/1"}],"replies":[{"embeddable":true,"href":"https:\/\/escuelaslagunadeduero.es\/colorines\/wp-json\/wp\/v2\/comments?post=47"}],"version-history":[{"count":5,"href":"https:\/\/escuelaslagunadeduero.es\/colorines\/wp-json\/wp\/v2\/pages\/47\/revisions"}],"predecessor-version":[{"id":755,"href":"https:\/\/escuelaslagunadeduero.es\/colorines\/wp-json\/wp\/v2\/pages\/47\/revisions\/755"}],"wp:featuredmedia":[{"embeddable":true,"href":"https:\/\/escuelaslagunadeduero.es\/colorines\/wp-json\/wp\/v2\/media\/753"}],"wp:attachment":[{"href":"https:\/\/escuelaslagunadeduero.es\/colorines\/wp-json\/wp\/v2\/media?parent=47"}],"curies":[{"name":"wp","href":"https:\/\/api.w.org\/{rel}","templated":true}]}}