{"id":19,"date":"2019-11-26T12:49:14","date_gmt":"2019-11-26T11:49:14","guid":{"rendered":"https:\/\/escuelaslagunadeduero.es\/colorines\/testw2019\/?page_id=19"},"modified":"2026-02-20T12:14:17","modified_gmt":"2026-02-20T11:14:17","slug":"comedor","status":"publish","type":"page","link":"https:\/\/escuelaslagunadeduero.es\/colorines\/comedor\/","title":{"rendered":"Comedor"},"content":{"rendered":"<p>\n<section id=\"menus-personalizados\" class=\"seccion\">\n<div class=\"contenedor\">\n<div class=\"fila columnas-altura\">\n\t\n<div class=\"col\">\n<div class=\"columna\">\n<div class=\"encabezado \">\n<div class=\"encabezado-titulo\"><h2>Men\u00fas personalizados<\/h2><\/div><div class=\"encabezado-subtitulo\">Alimentaci\u00f3n equilibrada y saludable para nuestros alumnos<\/div>\n<\/div><p>La Escuela Infantil Municipal Colorines dispone de cocina propia, donde se elaboran diariamente los men\u00fas personalizados, ofreciendo una alimentaci\u00f3n equilibrada y saludable para el alumnado. Con los m\u00e1ximos est\u00e1ndares de salubridad y todos los protocolos necesarios para casos de alergias e intolerancias alimentarias. Un servicio que completa la labor educativa desarrollando h\u00e1bitos y actitudes saludables en relaci\u00f3n con la comida.<\/p><p>El Departamento de Nutrici\u00f3n y Diet\u00e9tica de Koala Soluciones Educativas encargado de dise\u00f1ar los men\u00fas y fichas t\u00e9cnicas de platos con el fin de que \u00e9stos sean equilibrados y ajustados a las necesidades nutricionales de los ni\u00f1os y ni\u00f1as, toma como referencia la Gu\u00eda alimentaria para los comedores escolares de Castilla y Le\u00f3n as\u00ed como el documento de consenso sobre la alimentaci\u00f3n en los centros educativos de julio de 2010 de la estrategia NAOS.<\/p><p>En los men\u00fas servidos en la EIM Colorines:<\/p><\/div>\n<\/div><\/div>\n\n<div class=\"fila columnas-altura\">\n\t\n<div class=\"col ancho-33\">\n<div class=\"columna\">\n\t<div class=\"separador-espacio\" style=\"padding-top: 40px;\"><\/div>\n<ul class=\"lista lista-peq\">\n<li>Se utiliza \u00fanicamente aceite de oliva. <\/li>\n<li>Se incluyen alimentos de origen vegetal en abundancia: frutas, verduras y legumbres. Preferentemente frescas y de proximidad.<\/li>\n<li>Se da preferencia a carnes magras, incluyendo carnes rojas con moderaci\u00f3n, en este caso piezas magras de ternera y cerdo.<\/li>\n<li>Se incluyen pescados.<\/li>\n<li>No se incluyen productos precocinados ni derivados c\u00e1rnicos.<\/li>\n<li>Como postre se ofrece preferentemente frutas frescas y yogur sin az\u00facar a\u00f1adido. <\/li>\n<li>Se reduce el consumo de sal, no a\u00f1adiendo sal a los platos. Los platos se condimentan con especias y hierbas arom\u00e1ticas como: ajo, cebolla, laurel, piment\u00f3n, etc. <\/li>\n<li>Como bebida, ofrecemos siempre agua.<\/li>\n<li>INTRODUCIMOS PRODUCTOS INTEGRALES COMO EL PAN, PASTA\u2026<\/li>\n<li>UTILIZACI\u00d3N DE HARINA DE MA\u00cdZ<\/li>\n<\/ul>\n<\/div>\n<\/div>\n<div class=\"col ancho-66\">\n<div class=\"columna\">\n\t<div class=\"separador-espacio\" style=\"padding-top: 40px;\"><\/div>\n<div class=\"precarga\">\n<div class=\"galeria galeria-69eb449ca38a9\">\n<ul>\n   \n<li>\n<a href=\"\/\/escuelaslagunadeduero.es\/colorines\/wp-content\/uploads\/2021\/02\/Colorines-cocina-A.jpg\" rel=\"shadowbox[galeria-69eb449ca38a9]\" ><img decoding=\"async\" src=\"\/\/escuelaslagunadeduero.es\/colorines\/wp-content\/uploads\/2021\/02\/Colorines-cocina-A.jpg\" alt=\"\" \/><\/a><\/li>\n   \n<li>\n<a href=\"\/\/escuelaslagunadeduero.es\/colorines\/wp-content\/uploads\/2021\/02\/Colorines-comedor-1-B.jpg\" rel=\"shadowbox[galeria-69eb449ca38a9]\" ><img decoding=\"async\" src=\"\/\/escuelaslagunadeduero.es\/colorines\/wp-content\/uploads\/2021\/02\/Colorines-comedor-1-B.jpg\" alt=\"\" \/><\/a><\/li>\n   \n<li>\n<a href=\"\/\/escuelaslagunadeduero.es\/colorines\/wp-content\/uploads\/2021\/02\/Colorines-comedor-2-B.jpg\" rel=\"shadowbox[galeria-69eb449ca38a9]\" ><img decoding=\"async\" src=\"\/\/escuelaslagunadeduero.es\/colorines\/wp-content\/uploads\/2021\/02\/Colorines-comedor-2-B.jpg\" alt=\"\" \/><\/a><\/li>\n<\/ul>\n<\/div>\n<\/div><\/div>\n<\/div><\/div>\n\n<\/div>\n<\/section>\n<section  class=\"seccion negativo inicio-comedor\" style=\"background-color:#ff9c32;background-image:url(https:\/\/escuelaslagunadeduero.es\/colorines\/wp-content\/uploads\/2019\/12\/fd-inicio-comedor.jpg);\">\n<div class=\"contenedor\">\n<div class=\"fila columnas-altura\">\n\t\n<div class=\"col ancho-16\">\n<div class=\"columna\"><\/div>\n<\/div>\n<div class=\"col ancho-66\">\n<div class=\"columna\"><h4 style=\"text-align: center;\"><strong>Inscrita en el Registro de Actividades Alimentarias de Castilla y Le\u00f3n con el n\u00famero: 7542\/VA<\/strong><\/h4><\/div>\n<\/div>\n<div class=\"col ancho-16\">\n<div class=\"columna\"><\/div>\n<\/div><\/div>\n\n<\/div>\n<\/section>\n<section id=\"seguridad-alimentaria\" class=\"seccion\">\n<div class=\"contenedor\">\n<div class=\"fila columnas-altura\">\n\t\n<div class=\"col text-ctr\">\n<div class=\"columna\">\n<div class=\"encabezado  encabezado-centrado\">\n<div class=\"encabezado-titulo\"><h2><span style=\"color: #c80082;\">Seguridad<\/span> <span style=\"color: #ff9c32;\">alimentaria<\/span><\/h2><\/div><\/div><img loading=\"lazy\" decoding=\"async\" src=\"https:\/\/escuelaslagunadeduero.es\/colorines\/wp-content\/uploads\/2021\/11\/logo-3S-120x106.png\" alt=\"logo-3S\" width=\"120\" height=\"106\" \/><p style=\"text-align: center;\">En KOALA Escuelas Infantiles estamos comprometidos con una alimentaci\u00f3n <b>3S: Segura, Sana y Sostenible.<\/b><br \/>Con\u00f3cenos mejor en el siguiente v\u00eddeo.<\/p>\n\t<div class=\"separador-espacio\" style=\"padding-top: 20px;\"><\/div>\n<div class=\"sh-output-html\">\r\n\t<div class=\"cookieconsent-optout-marketing\">Por favor <a href=\"javascript:Cookiebot.renew()\">acepta las cookies de marketing<\/a> para ver este video.<\/div>\n<iframe title=\"Alimentaci&amp;oacute;n Escuelas Infantiles N1\" width=\"800\" height=\"450\" frameborder=\"0\" allow=\"autoplay; fullscreen; picture-in-picture\" allowfullscreen=\"\" data-cookieconsent=\"statistics\" data-cookieblock-src=\"https:\/\/player.vimeo.com\/video\/647682861?h=18e61873d6&amp;dnt=1&amp;app_id=122963\"><\/iframe><\/div>\r\n\n\t<div class=\"separador-espacio\" style=\"padding-top: 50px;\"><\/div>\n\n<div class=\"encabezado  encabezado-centrado\">\n<div class=\"encabezado-titulo\"><h3 style=\"text-align: center;\">Sello Allergy Protection<\/h3><\/div><\/div><a href=\"https:\/\/escuelaslagunadeduero.es\/colorines\/certificados\/DE-certificado-alergy-protection-koala-escuela-colorines-D22.pdf\" target=\"_blank\" ><img loading=\"lazy\" decoding=\"async\" src=\"https:\/\/escuelaslagunadeduero.es\/colorines\/wp-content\/uploads\/2023\/03\/atx-allergy-protection-120x120.png\" alt=\"https:\/\/escuelaslagunadeduero.es\/colorines\/wp-content\/uploads\/2023\/03\/atx-allergy-protection-120x120.png\" width=\"120\" height=\"120\" \/><\/a><\/div>\n<\/div><\/div>\n\n<div class=\"fila columnas-altura\">\n\t\n<div class=\"col ancho-16\">\n<div class=\"columna\"><\/div>\n<\/div>\n<div class=\"col ancho-66\">\n<div class=\"columna\"><p style=\"text-align: center;\">El Sello ATX Allergy Protection avala los procesos seguidos en la Escuela a la hora de elaborar los men\u00fas escolares y garantiza la seguridad alimentaria de los ni\u00f1os y ni\u00f1as con alergias o intolerancias alimentarias. Desde la escuela ofrecemos un asesoramiento y tratamiento individualizado, con el objetivo de integrar plenamente a los ni\u00f1os y ni\u00f1as al\u00e9rgicos en todas las rutinas de la escuela.<\/p><\/div>\n<\/div>\n<div class=\"col ancho-16\">\n<div class=\"columna\"><\/div>\n<\/div><\/div>\n\n<\/div>\n<\/section><\/p>\n","protected":false},"excerpt":{"rendered":"<p>Men\u00fas personalizadosAlimentaci\u00f3n equilibrada y saludable para nuestros alumnos La Escuela Infantil Municipal Colorines dispone de cocina propia, donde se elaboran diariamente los men\u00fas personalizados, ofreciendo una alimentaci\u00f3n equilibrada y saludable &#8230; <a class=\"mas\" href=\"https:\/\/escuelaslagunadeduero.es\/colorines\/comedor\/\"><strong>M\u00c1S<\/strong><\/a><\/p>\n","protected":false},"author":1,"featured_media":1227,"parent":0,"menu_order":4,"comment_status":"closed","ping_status":"closed","template":"","meta":{"footnotes":""},"class_list":["post-19","page","type-page","status-publish","has-post-thumbnail","hentry"],"_links":{"self":[{"href":"https:\/\/escuelaslagunadeduero.es\/colorines\/wp-json\/wp\/v2\/pages\/19","targetHints":{"allow":["GET"]}}],"collection":[{"href":"https:\/\/escuelaslagunadeduero.es\/colorines\/wp-json\/wp\/v2\/pages"}],"about":[{"href":"https:\/\/escuelaslagunadeduero.es\/colorines\/wp-json\/wp\/v2\/types\/page"}],"author":[{"embeddable":true,"href":"https:\/\/escuelaslagunadeduero.es\/colorines\/wp-json\/wp\/v2\/users\/1"}],"replies":[{"embeddable":true,"href":"https:\/\/escuelaslagunadeduero.es\/colorines\/wp-json\/wp\/v2\/comments?post=19"}],"version-history":[{"count":39,"href":"https:\/\/escuelaslagunadeduero.es\/colorines\/wp-json\/wp\/v2\/pages\/19\/revisions"}],"predecessor-version":[{"id":2065,"href":"https:\/\/escuelaslagunadeduero.es\/colorines\/wp-json\/wp\/v2\/pages\/19\/revisions\/2065"}],"wp:featuredmedia":[{"embeddable":true,"href":"https:\/\/escuelaslagunadeduero.es\/colorines\/wp-json\/wp\/v2\/media\/1227"}],"wp:attachment":[{"href":"https:\/\/escuelaslagunadeduero.es\/colorines\/wp-json\/wp\/v2\/media?parent=19"}],"curies":[{"name":"wp","href":"https:\/\/api.w.org\/{rel}","templated":true}]}}